{"id":11,"date":"2018-04-12T23:46:49","date_gmt":"2018-04-12T23:46:49","guid":{"rendered":"https:\/\/ppii.com.ar\/wp\/?page_id=11"},"modified":"2023-06-02T11:41:26","modified_gmt":"2023-06-02T11:41:26","slug":"inicio","status":"publish","type":"page","link":"https:\/\/ppii.com.ar\/wp\/","title":{"rendered":"\u00a1Bienvenido!"},"content":{"rendered":"<div>\n<p>Nos ocupamos de:<\/p>\n<ul>\n<li>Ciclo de vida de software<\/li>\n<li>An\u00e1lisis<\/li>\n<li>Desarrollo (outsourcing)<\/li>\n<li>Implementaci\u00f3n<\/li>\n<li>Soporte<\/li>\n<\/ul>\n<h4 id=\"id1\">Pero para empezar: \u00bfqu\u00e9 es un proyecto inform\u00e1tico?<\/h4>\n<\/div>\n<div>\n<p>Un proyecto inform\u00e1tico es un conjunto de actividades planificadas y organizadas que tienen como objetivo desarrollar, implementar y\/o mejorar sistemas, aplicaciones o soluciones tecnol\u00f3gicas basadas\u00a0 en el uso de computadoras y software. Estos proyectos involucran la aplicaci\u00f3n de conocimientos y\u00a0 t\u00e9cnicas inform\u00e1ticas para resolver problemas espec\u00edficos o satisfacer necesidades en el \u00e1mbito de la inform\u00e1tica.<\/p>\n<p>Los proyectos inform\u00e1ticos generalmente siguen un ciclo de vida que incluye etapas como la definici\u00f3n de requisitos, el dise\u00f1o del sistema, la programaci\u00f3n, las pruebas, la implementaci\u00f3n y el mantenimiento. Durante el desarrollo del proyecto, se utilizan diferentes herramientas y metodolog\u00edas para gestionar el proceso, como la gesti\u00f3n de proyectos, el dise\u00f1o de bases de datos, la programaci\u00f3n de software, la seguridad inform\u00e1tica, entre otras.<\/p>\n<p>Algunos ejemplos de proyectos inform\u00e1ticos pueden ser el desarrollo de un sistema de gesti\u00f3n de inventarios, la creaci\u00f3n de una aplicaci\u00f3n m\u00f3vil, la implementaci\u00f3n de una red de \u00e1rea local (LAN), el dise\u00f1o de una p\u00e1gina web, la construcci\u00f3n de una base de datos, la implementaci\u00f3n de un sistema de seguridad inform\u00e1tica, entre otros.<\/p>\n<p>Eso es lo que nos gusta hacer y a eso nos dedicamos !<\/p>\n<\/div>\n","protected":false},"excerpt":{"rendered":"<p>Nos ocupamos de: Ciclo de vida de software An\u00e1lisis Desarrollo (outsourcing) Implementaci\u00f3n Soporte Pero para empezar: \u00bfqu\u00e9 es un proyecto[&#8230;]<\/p>\n","protected":false},"author":1,"featured_media":0,"parent":0,"menu_order":0,"comment_status":"closed","ping_status":"closed","template":"","meta":{"footnotes":""},"class_list":["post-11","page","type-page","status-publish","hentry"],"_links":{"self":[{"href":"https:\/\/ppii.com.ar\/wp\/wp-json\/wp\/v2\/pages\/11","targetHints":{"allow":["GET"]}}],"collection":[{"href":"https:\/\/ppii.com.ar\/wp\/wp-json\/wp\/v2\/pages"}],"about":[{"href":"https:\/\/ppii.com.ar\/wp\/wp-json\/wp\/v2\/types\/page"}],"author":[{"embeddable":true,"href":"https:\/\/ppii.com.ar\/wp\/wp-json\/wp\/v2\/users\/1"}],"replies":[{"embeddable":true,"href":"https:\/\/ppii.com.ar\/wp\/wp-json\/wp\/v2\/comments?post=11"}],"version-history":[{"count":10,"href":"https:\/\/ppii.com.ar\/wp\/wp-json\/wp\/v2\/pages\/11\/revisions"}],"predecessor-version":[{"id":52,"href":"https:\/\/ppii.com.ar\/wp\/wp-json\/wp\/v2\/pages\/11\/revisions\/52"}],"wp:attachment":[{"href":"https:\/\/ppii.com.ar\/wp\/wp-json\/wp\/v2\/media?parent=11"}],"curies":[{"name":"wp","href":"https:\/\/api.w.org\/{rel}","templated":true}]}}